{"id":17,"date":"2023-03-07T11:02:56","date_gmt":"2023-03-07T10:02:56","guid":{"rendered":"https:\/\/humaneffect.nl\/?page_id=17"},"modified":"2023-04-26T15:33:47","modified_gmt":"2023-04-26T13:33:47","slug":"home","status":"publish","type":"page","link":"https:\/\/humaneffect.nl\/nl\/","title":{"rendered":"Home"},"content":{"rendered":"\t\t<div data-elementor-type=\"wp-page\" data-elementor-id=\"17\" class=\"elementor elementor-17\" data-elementor-post-type=\"page\">\n\t\t\t\t<div class=\"elementor-element elementor-element-350141a e-flex e-con-boxed e-con e-parent\" data-id=\"350141a\" data-element_type=\"container\" data-e-type=\"container\" data-settings=\"{&quot;background_background&quot;:&quot;classic&quot;}\">\n\t\t\t\t\t<div class=\"e-con-inner\">\n\t\t<div class=\"elementor-element elementor-element-0fe8d73 e-flex e-con-boxed e-con e-child\" data-id=\"0fe8d73\" data-element_type=\"container\" data-e-type=\"container\" data-settings=\"{&quot;background_background&quot;:&quot;classic&quot;}\">\n\t\t\t\t\t<div class=\"e-con-inner\">\n\t\t\t\t<div class=\"elementor-element elementor-element-b79714c elementor-widget elementor-widget-heading\" data-id=\"b79714c\" data-element_type=\"widget\" data-e-type=\"widget\" data-widget_type=\"heading.default\">\n\t\t\t\t<div class=\"elementor-widget-container\">\n\t\t\t\t\t<h1 class=\"elementor-heading-title elementor-size-default\">If vision is where you are going, <font color=\"#EB5000\">culture<\/font> is how you get there.<\/h1>\t\t\t\t<\/div>\n\t\t\t\t<\/div>\n\t\t\t\t\t<\/div>\n\t\t\t\t<\/div>\n\t\t\t\t\t<\/div>\n\t\t\t\t<\/div>\n\t\t<div class=\"elementor-element elementor-element-031f083 e-flex e-con-boxed e-con e-parent\" data-id=\"031f083\" data-element_type=\"container\" data-e-type=\"container\">\n\t\t\t\t\t<div class=\"e-con-inner\">\n\t\t<div class=\"elementor-element elementor-element-eb79728 e-con-full e-flex e-con e-child\" data-id=\"eb79728\" data-element_type=\"container\" data-e-type=\"container\" data-settings=\"{&quot;background_background&quot;:&quot;classic&quot;}\">\n\t\t\t\t<div class=\"elementor-element elementor-element-c39e38a e-transform elementor-widget elementor-widget-heading\" data-id=\"c39e38a\" data-element_type=\"widget\" data-e-type=\"widget\" data-settings=\"{&quot;_transform_rotateZ_effect&quot;:{&quot;unit&quot;:&quot;px&quot;,&quot;size&quot;:-90,&quot;sizes&quot;:[]},&quot;_transform_rotateZ_effect_tablet_extra&quot;:{&quot;unit&quot;:&quot;deg&quot;,&quot;size&quot;:&quot;&quot;,&quot;sizes&quot;:[]},&quot;_transform_rotateZ_effect_tablet&quot;:{&quot;unit&quot;:&quot;deg&quot;,&quot;size&quot;:&quot;&quot;,&quot;sizes&quot;:[]},&quot;_transform_rotateZ_effect_mobile&quot;:{&quot;unit&quot;:&quot;deg&quot;,&quot;size&quot;:&quot;&quot;,&quot;sizes&quot;:[]}}\" data-widget_type=\"heading.default\">\n\t\t\t\t<div class=\"elementor-widget-container\">\n\t\t\t\t\t<h2 class=\"elementor-heading-title elementor-size-default\">Real people.<\/h2>\t\t\t\t<\/div>\n\t\t\t\t<\/div>\n\t\t\t\t<\/div>\n\t\t<div class=\"elementor-element elementor-element-debd330 e-con-full e-flex e-con e-child\" data-id=\"debd330\" data-element_type=\"container\" data-e-type=\"container\" data-settings=\"{&quot;background_background&quot;:&quot;classic&quot;}\">\n\t\t\t\t<div class=\"elementor-element elementor-element-e6fd834 elementor-widget elementor-widget-heading\" data-id=\"e6fd834\" data-element_type=\"widget\" data-e-type=\"widget\" data-widget_type=\"heading.default\">\n\t\t\t\t<div class=\"elementor-widget-container\">\n\t\t\t\t\t<h2 class=\"elementor-heading-title elementor-size-default\">Begeleiding voor de leiders en professionals van morgen<\/h2>\t\t\t\t<\/div>\n\t\t\t\t<\/div>\n\t\t\t\t<div class=\"elementor-element elementor-element-0549252 elementor-widget elementor-widget-text-editor\" data-id=\"0549252\" data-element_type=\"widget\" data-e-type=\"widget\" data-widget_type=\"text-editor.default\">\n\t\t\t\t<div class=\"elementor-widget-container\">\n\t\t\t\t\t\t\t\t\t<p><strong>Visie en cultuur gaan hand in hand<\/strong><br \/>Organisaties bestaan uit mensen \u2013 <em>real people, <\/em>in al hun onvoorspelbare complexiteit. Daarom zijn zowel een sterke inhoudelijke visie als goede relationele vaardigheden onmisbaar om organisaties te helpen opbloeien tot <em>High Performance Organizations.<\/em> The Human Effect ondersteunt leiders, teams, en professionals met programma&#8217;s op maat om de strategische en culturele voorwaarden voor groei te realiseren. Daarbij werken we met hetgeen er in de ruimte m\u00e9t en tussen mensen gebeurt. Spannend, direct en verbindend.<\/p>\t\t\t\t\t\t\t\t<\/div>\n\t\t\t\t<\/div>\n\t\t\t\t<\/div>\n\t\t\t\t\t<\/div>\n\t\t\t\t<\/div>\n\t\t<div class=\"elementor-element elementor-element-7df9320 e-flex e-con-boxed e-con e-parent\" data-id=\"7df9320\" data-element_type=\"container\" data-e-type=\"container\">\n\t\t\t\t\t<div class=\"e-con-inner\">\n\t\t<div class=\"elementor-element elementor-element-fe3cd7a e-con-full e-flex e-con e-child\" data-id=\"fe3cd7a\" data-element_type=\"container\" data-e-type=\"container\" data-settings=\"{&quot;background_background&quot;:&quot;classic&quot;}\">\n\t\t\t\t<div class=\"elementor-element elementor-element-2714394 e-transform elementor-widget elementor-widget-heading\" data-id=\"2714394\" data-element_type=\"widget\" data-e-type=\"widget\" data-settings=\"{&quot;_transform_rotateZ_effect&quot;:{&quot;unit&quot;:&quot;px&quot;,&quot;size&quot;:-90,&quot;sizes&quot;:[]},&quot;_transform_rotateZ_effect_tablet_extra&quot;:{&quot;unit&quot;:&quot;deg&quot;,&quot;size&quot;:&quot;&quot;,&quot;sizes&quot;:[]},&quot;_transform_rotateZ_effect_tablet&quot;:{&quot;unit&quot;:&quot;deg&quot;,&quot;size&quot;:&quot;&quot;,&quot;sizes&quot;:[]},&quot;_transform_rotateZ_effect_mobile&quot;:{&quot;unit&quot;:&quot;deg&quot;,&quot;size&quot;:&quot;&quot;,&quot;sizes&quot;:[]}}\" data-widget_type=\"heading.default\">\n\t\t\t\t<div class=\"elementor-widget-container\">\n\t\t\t\t\t<h2 class=\"elementor-heading-title elementor-size-default\">Real change.<\/h2>\t\t\t\t<\/div>\n\t\t\t\t<\/div>\n\t\t\t\t<\/div>\n\t\t<div class=\"elementor-element elementor-element-ffacf64 e-con-full e-flex e-con e-child\" data-id=\"ffacf64\" data-element_type=\"container\" data-e-type=\"container\" data-settings=\"{&quot;background_background&quot;:&quot;classic&quot;}\">\n\t\t\t\t<div class=\"elementor-element elementor-element-6f780d6 elementor-widget elementor-widget-heading\" data-id=\"6f780d6\" data-element_type=\"widget\" data-e-type=\"widget\" data-widget_type=\"heading.default\">\n\t\t\t\t<div class=\"elementor-widget-container\">\n\t\t\t\t\t<h2 class=\"elementor-heading-title elementor-size-default\">Verandering tot in de haarvaten<\/h2>\t\t\t\t<\/div>\n\t\t\t\t<\/div>\n\t\t\t\t<div class=\"elementor-element elementor-element-90b2bc0 elementor-widget elementor-widget-text-editor\" data-id=\"90b2bc0\" data-element_type=\"widget\" data-e-type=\"widget\" data-widget_type=\"text-editor.default\">\n\t\t\t\t<div class=\"elementor-widget-container\">\n\t\t\t\t\t\t\t\t\t<p><strong>\u00c9chte verandering vraagt gedragsverandering<br \/><\/strong>Verandering is voor bijna elke organisatie een belangrijk thema. Nieuwe strategie\u00ebn, processen, en structuren zijn daarbij belangrijk, maar niet voldoende: want werkelijke verandering vraagt \u00f3\u00f3k gedragsverandering. Daarbij spelen persoonlijke belangen, verlangens, frustraties, emoties, en paradoxen een rol. Wij halen boven tafel wat er onder de oppervlakte speelt, zodat fundamentele, duurzame verandering \u2013 <em>real change \u2013<\/em> op gang komt.<\/p>\t\t\t\t\t\t\t\t<\/div>\n\t\t\t\t<\/div>\n\t\t\t\t<\/div>\n\t\t\t\t\t<\/div>\n\t\t\t\t<\/div>\n\t\t\t\t<\/div>\n\t\t","protected":false},"excerpt":{"rendered":"<p>If vision is where you are going, culture is how you get there. Real people. Begeleiding voor de leiders en professionals van morgen Visie en cultuur gaan hand in hand Organisaties bestaan uit mensen \u2013 real people, in al hun onvoorspelbare complexiteit. Daarom zijn zowel een sterke inhoudelijke visie als goede relationele vaardigheden onmisbaar om [&hellip;]<\/p>\n","protected":false},"author":1,"featured_media":722,"parent":0,"menu_order":0,"comment_status":"closed","ping_status":"closed","template":"elementor_header_footer","meta":{"_acf_changed":false,"footnotes":""},"class_list":["post-17","page","type-page","status-publish","has-post-thumbnail","hentry"],"acf":[],"yoast_head":"<!-- This site is optimized with the Yoast SEO plugin v27.4 - https:\/\/yoast.com\/product\/yoast-seo-wordpress\/ -->\n<title>Home | The Human Effect<\/title>\n<meta name=\"robots\" content=\"index, follow, max-snippet:-1, max-image-preview:large, max-video-preview:-1\" \/>\n<link rel=\"canonical\" href=\"https:\/\/humaneffect.nl\/nl\/\" \/>\n<meta property=\"og:locale\" content=\"nl_NL\" \/>\n<meta property=\"og:type\" content=\"article\" \/>\n<meta property=\"og:title\" content=\"Home | The Human Effect\" \/>\n<meta property=\"og:description\" content=\"If vision is where you are going, culture is how you get there. Real people. Begeleiding voor de leiders en professionals van morgen Visie en cultuur gaan hand in hand Organisaties bestaan uit mensen \u2013 real people, in al hun onvoorspelbare complexiteit. Daarom zijn zowel een sterke inhoudelijke visie als goede relationele vaardigheden onmisbaar om [&hellip;]\" \/>\n<meta property=\"og:url\" content=\"https:\/\/humaneffect.nl\/nl\/\" \/>\n<meta property=\"og:site_name\" content=\"The Human Effect\" \/>\n<meta property=\"article:modified_time\" content=\"2023-04-26T13:33:47+00:00\" \/>\n<meta property=\"og:image\" content=\"https:\/\/humaneffect.nl\/wp-content\/uploads\/The-Human-Effect-featured-image.webp\" \/>\n\t<meta property=\"og:image:width\" content=\"1200\" \/>\n\t<meta property=\"og:image:height\" content=\"628\" \/>\n\t<meta property=\"og:image:type\" content=\"image\/webp\" \/>\n<meta name=\"twitter:card\" content=\"summary_large_image\" \/>\n<meta name=\"twitter:label1\" content=\"Geschatte leestijd\" \/>\n\t<meta name=\"twitter:data1\" content=\"1 minuut\" \/>\n<script type=\"application\/ld+json\" class=\"yoast-schema-graph\">{\"@context\":\"https:\\\/\\\/schema.org\",\"@graph\":[{\"@type\":\"WebPage\",\"@id\":\"https:\\\/\\\/humaneffect.nl\\\/nl\\\/\",\"url\":\"https:\\\/\\\/humaneffect.nl\\\/nl\\\/\",\"name\":\"Home | The Human Effect\",\"isPartOf\":{\"@id\":\"https:\\\/\\\/humaneffect.nl\\\/nl\\\/#website\"},\"primaryImageOfPage\":{\"@id\":\"https:\\\/\\\/humaneffect.nl\\\/nl\\\/#primaryimage\"},\"image\":{\"@id\":\"https:\\\/\\\/humaneffect.nl\\\/nl\\\/#primaryimage\"},\"thumbnailUrl\":\"https:\\\/\\\/humaneffect.nl\\\/wp-content\\\/uploads\\\/The-Human-Effect-featured-image.webp\",\"datePublished\":\"2023-03-07T10:02:56+00:00\",\"dateModified\":\"2023-04-26T13:33:47+00:00\",\"breadcrumb\":{\"@id\":\"https:\\\/\\\/humaneffect.nl\\\/nl\\\/#breadcrumb\"},\"inLanguage\":\"nl-NL\",\"potentialAction\":[{\"@type\":\"ReadAction\",\"target\":[\"https:\\\/\\\/humaneffect.nl\\\/nl\\\/\"]}]},{\"@type\":\"ImageObject\",\"inLanguage\":\"nl-NL\",\"@id\":\"https:\\\/\\\/humaneffect.nl\\\/nl\\\/#primaryimage\",\"url\":\"https:\\\/\\\/humaneffect.nl\\\/wp-content\\\/uploads\\\/The-Human-Effect-featured-image.webp\",\"contentUrl\":\"https:\\\/\\\/humaneffect.nl\\\/wp-content\\\/uploads\\\/The-Human-Effect-featured-image.webp\",\"width\":1200,\"height\":628,\"caption\":\"The Human Effect | Real people. Real change.\"},{\"@type\":\"BreadcrumbList\",\"@id\":\"https:\\\/\\\/humaneffect.nl\\\/nl\\\/#breadcrumb\",\"itemListElement\":[{\"@type\":\"ListItem\",\"position\":1,\"name\":\"Home\",\"item\":\"https:\\\/\\\/humaneffect.nl\\\/nl\\\/\"},{\"@type\":\"ListItem\",\"position\":2,\"name\":\"Home\"}]},{\"@type\":\"WebSite\",\"@id\":\"https:\\\/\\\/humaneffect.nl\\\/nl\\\/#website\",\"url\":\"https:\\\/\\\/humaneffect.nl\\\/nl\\\/\",\"name\":\"The Human Effect\",\"description\":\"Real people. Real change.\",\"publisher\":{\"@id\":\"https:\\\/\\\/humaneffect.nl\\\/nl\\\/#organization\"},\"potentialAction\":[{\"@type\":\"SearchAction\",\"target\":{\"@type\":\"EntryPoint\",\"urlTemplate\":\"https:\\\/\\\/humaneffect.nl\\\/nl\\\/?s={search_term_string}\"},\"query-input\":{\"@type\":\"PropertyValueSpecification\",\"valueRequired\":true,\"valueName\":\"search_term_string\"}}],\"inLanguage\":\"nl-NL\"},{\"@type\":\"Organization\",\"@id\":\"https:\\\/\\\/humaneffect.nl\\\/nl\\\/#organization\",\"name\":\"The Human Effect\",\"url\":\"https:\\\/\\\/humaneffect.nl\\\/nl\\\/\",\"logo\":{\"@type\":\"ImageObject\",\"inLanguage\":\"nl-NL\",\"@id\":\"https:\\\/\\\/humaneffect.nl\\\/nl\\\/#\\\/schema\\\/logo\\\/image\\\/\",\"url\":\"https:\\\/\\\/humaneffect.nl\\\/wp-content\\\/uploads\\\/The-Human-Effect-logo.png\",\"contentUrl\":\"https:\\\/\\\/humaneffect.nl\\\/wp-content\\\/uploads\\\/The-Human-Effect-logo.png\",\"width\":462,\"height\":210,\"caption\":\"The Human Effect\"},\"image\":{\"@id\":\"https:\\\/\\\/humaneffect.nl\\\/nl\\\/#\\\/schema\\\/logo\\\/image\\\/\"},\"sameAs\":[\"https:\\\/\\\/www.linkedin.com\\\/company\\\/the-human-effect\\\/\"]}]}<\/script>\n<!-- \/ Yoast SEO plugin. -->","yoast_head_json":{"title":"Home | The Human Effect","robots":{"index":"index","follow":"follow","max-snippet":"max-snippet:-1","max-image-preview":"max-image-preview:large","max-video-preview":"max-video-preview:-1"},"canonical":"https:\/\/humaneffect.nl\/nl\/","og_locale":"nl_NL","og_type":"article","og_title":"Home | The Human Effect","og_description":"If vision is where you are going, culture is how you get there. Real people. Begeleiding voor de leiders en professionals van morgen Visie en cultuur gaan hand in hand Organisaties bestaan uit mensen \u2013 real people, in al hun onvoorspelbare complexiteit. Daarom zijn zowel een sterke inhoudelijke visie als goede relationele vaardigheden onmisbaar om [&hellip;]","og_url":"https:\/\/humaneffect.nl\/nl\/","og_site_name":"The Human Effect","article_modified_time":"2023-04-26T13:33:47+00:00","og_image":[{"width":1200,"height":628,"url":"https:\/\/humaneffect.nl\/wp-content\/uploads\/The-Human-Effect-featured-image.webp","type":"image\/webp"}],"twitter_card":"summary_large_image","twitter_misc":{"Geschatte leestijd":"1 minuut"},"schema":{"@context":"https:\/\/schema.org","@graph":[{"@type":"WebPage","@id":"https:\/\/humaneffect.nl\/nl\/","url":"https:\/\/humaneffect.nl\/nl\/","name":"Home | The Human Effect","isPartOf":{"@id":"https:\/\/humaneffect.nl\/nl\/#website"},"primaryImageOfPage":{"@id":"https:\/\/humaneffect.nl\/nl\/#primaryimage"},"image":{"@id":"https:\/\/humaneffect.nl\/nl\/#primaryimage"},"thumbnailUrl":"https:\/\/humaneffect.nl\/wp-content\/uploads\/The-Human-Effect-featured-image.webp","datePublished":"2023-03-07T10:02:56+00:00","dateModified":"2023-04-26T13:33:47+00:00","breadcrumb":{"@id":"https:\/\/humaneffect.nl\/nl\/#breadcrumb"},"inLanguage":"nl-NL","potentialAction":[{"@type":"ReadAction","target":["https:\/\/humaneffect.nl\/nl\/"]}]},{"@type":"ImageObject","inLanguage":"nl-NL","@id":"https:\/\/humaneffect.nl\/nl\/#primaryimage","url":"https:\/\/humaneffect.nl\/wp-content\/uploads\/The-Human-Effect-featured-image.webp","contentUrl":"https:\/\/humaneffect.nl\/wp-content\/uploads\/The-Human-Effect-featured-image.webp","width":1200,"height":628,"caption":"The Human Effect | Real people. Real change."},{"@type":"BreadcrumbList","@id":"https:\/\/humaneffect.nl\/nl\/#breadcrumb","itemListElement":[{"@type":"ListItem","position":1,"name":"Home","item":"https:\/\/humaneffect.nl\/nl\/"},{"@type":"ListItem","position":2,"name":"Home"}]},{"@type":"WebSite","@id":"https:\/\/humaneffect.nl\/nl\/#website","url":"https:\/\/humaneffect.nl\/nl\/","name":"The Human Effect","description":"Real people. Real change.","publisher":{"@id":"https:\/\/humaneffect.nl\/nl\/#organization"},"potentialAction":[{"@type":"SearchAction","target":{"@type":"EntryPoint","urlTemplate":"https:\/\/humaneffect.nl\/nl\/?s={search_term_string}"},"query-input":{"@type":"PropertyValueSpecification","valueRequired":true,"valueName":"search_term_string"}}],"inLanguage":"nl-NL"},{"@type":"Organization","@id":"https:\/\/humaneffect.nl\/nl\/#organization","name":"The Human Effect","url":"https:\/\/humaneffect.nl\/nl\/","logo":{"@type":"ImageObject","inLanguage":"nl-NL","@id":"https:\/\/humaneffect.nl\/nl\/#\/schema\/logo\/image\/","url":"https:\/\/humaneffect.nl\/wp-content\/uploads\/The-Human-Effect-logo.png","contentUrl":"https:\/\/humaneffect.nl\/wp-content\/uploads\/The-Human-Effect-logo.png","width":462,"height":210,"caption":"The Human Effect"},"image":{"@id":"https:\/\/humaneffect.nl\/nl\/#\/schema\/logo\/image\/"},"sameAs":["https:\/\/www.linkedin.com\/company\/the-human-effect\/"]}]}},"_links":{"self":[{"href":"https:\/\/humaneffect.nl\/nl\/wp-json\/wp\/v2\/pages\/17","targetHints":{"allow":["GET"]}}],"collection":[{"href":"https:\/\/humaneffect.nl\/nl\/wp-json\/wp\/v2\/pages"}],"about":[{"href":"https:\/\/humaneffect.nl\/nl\/wp-json\/wp\/v2\/types\/page"}],"author":[{"embeddable":true,"href":"https:\/\/humaneffect.nl\/nl\/wp-json\/wp\/v2\/users\/1"}],"replies":[{"embeddable":true,"href":"https:\/\/humaneffect.nl\/nl\/wp-json\/wp\/v2\/comments?post=17"}],"version-history":[{"count":0,"href":"https:\/\/humaneffect.nl\/nl\/wp-json\/wp\/v2\/pages\/17\/revisions"}],"wp:featuredmedia":[{"embeddable":true,"href":"https:\/\/humaneffect.nl\/nl\/wp-json\/wp\/v2\/media\/722"}],"wp:attachment":[{"href":"https:\/\/humaneffect.nl\/nl\/wp-json\/wp\/v2\/media?parent=17"}],"curies":[{"name":"wp","href":"https:\/\/api.w.org\/{rel}","templated":true}]}}